{"id":627,"date":"2023-01-15T22:43:23","date_gmt":"2023-01-15T21:43:23","guid":{"rendered":"http:\/\/vevnioj.cluster031.hosting.ovh.net\/?page_id=627"},"modified":"2024-01-05T09:49:54","modified_gmt":"2024-01-05T08:49:54","slug":"nos-cas-clients-2","status":"publish","type":"page","link":"https:\/\/www.kanoa-consulting.com\/index.php\/nos-cas-clients-2\/","title":{"rendered":"Nos cas clients"},"content":{"rendered":"\n<p><\/p>\n\n\n\n<h2 class=\"wp-block-heading\">Ce sont nos clients qui en parlent le mieux <\/h2>\n\n\n\n<p><em>S\u00e9verine Prin, Directrice des risques <\/em><\/p>\n\n\n\n<p>\u00ab\u00a0J&rsquo;ai travaill\u00e9 en 2022 et 2023 avec Karine qui intervenait en tant que coach op\u00e9rationnel de chefs de projet dans mon entreprise. Je ne peux que chaudement recommander Karine : elle comprend tr\u00e8s vite les attentes des clients, sait comment y r\u00e9pondre. Elle a la capacit\u00e9 de nouer une relation de confiance avec ses clients que j&rsquo;ai rarement vu sur le march\u00e9. Elle n&rsquo;h\u00e9site pas \u00e0 nous venir en aide ou apporter ses id\u00e9es m\u00eame si nous n&rsquo;avons pas de contrat en cours. Mon seul regret : ne pas avoir fait appel \u00e0 ses services plus t\u00f4t ! \u00ab\u00a0<\/p>\n\n\n\n<p><\/p>\n\n\n\n<p><em>Jean-Philippe Feligetti, (ex)Directeur des op\u00e9rations <\/em><\/p>\n\n\n\n<p>\u00ab\u00a0Karine pendant presque deux ann\u00e9es, nous a accompagn\u00e9 dans un r\u00f4le de consultante externe sur diff\u00e9rents sujets tels que :<br>&#8211; Appui dans la contractualisation d&rsquo;un projet majeur dans le monde de l&rsquo;assurance autour d&rsquo;une solution leader du march\u00e9<br>&#8211; Assistance Marketing sur le positionnement des offres du catalogue et la communication associ\u00e9e<br>&#8211; Participation \u00e0 des r\u00e9ponses \u00e0 des AO<br>Autant de sujet divers o\u00f9 l&rsquo;apport de Karine aura \u00e9t\u00e9 d\u00e9terminant. Une exp\u00e9rience reconnue, une \u00e9coute et des conseils avis\u00e9s, une capacit\u00e9 d&rsquo;int\u00e9gration av\u00e9r\u00e9e, et des livrables de qualit\u00e9s, c&rsquo;est le r\u00e9sum\u00e9 constat\u00e9 de la mission r\u00e9alis\u00e9e par Karine au sein de l&rsquo;entreprise pendant la p\u00e9riode indiqu\u00e9e. Une consultante pragmatique qui sera faire de sa mission une plus-value pour vos objectifs.\u00a0\u00bb<\/p>\n\n\n\n<p><em>Aurore W, Chef de projet MOA <\/em><\/p>\n\n\n\n<p>\u00ab\u00a0Le coaching op\u00e9rationnel a \u00e9t\u00e9 une aventure qui m\u2019a men\u00e9e au-del\u00e0 de mes attentes. Les changements sont p\u00e9rennes. Les axes de travail ont \u00e9t\u00e9 bien adapt\u00e9s \u00e0 mes besoins professionnels au quotidien. Les exercices pratiques m\u2019ont fait sortir de ma zone de confort par un travail qui va au-del\u00e0 de la th\u00e9orie et qui demande un investissement personnel et des retours\/\u00e9changes r\u00e9guliers. Et ceci s\u2019av\u00e8re payant&nbsp;: j\u2019ai chang\u00e9. Ce coaching op\u00e9rationnel m\u2019a permis un renouveau et une progression sur des axes professionnels et personnels (confiance en soi notamment) que je n\u2019aurai pas imagin\u00e9e et qui sont bien plus durables qu\u2019aurait pu le faire n\u2019importe quelle formation th\u00e9orique. Une vraie r\u00e9ussite.\u00a0\u00bb<\/p>\n\n\n\n<p><em>Maylis Nguyen, Manager\/Chef de projet <\/em><\/p>\n\n\n\n<p>\u00ab\u00a0Je recommande chaudement Karine qui a su m&rsquo;accompagner dans mes probl\u00e9matiques de manager et de chef de projet. Karine a tr\u00e8s ais\u00e9ment compris mes questionnements et a guid\u00e9 mes r\u00e9flexions en me challengeant avec beaucoup de bienveillance. Son \u00e9nergie est tr\u00e8s positive, ce qui a facilit\u00e9 la cr\u00e9ation d&rsquo;une relation de confiance.\u00a0\u00bb<\/p>\n\n\n\n<blockquote class=\"wp-block-quote is-layout-flow wp-block-quote-is-layout-flow\">\n<p><\/p>\n<\/blockquote>\n\n\n\n<p><\/p>\n\n\n\n<h2 class=\"wp-block-heading\">D\u00e9couvrez certaines probl\u00e9matiques de nos clients<\/h2>\n\n\n\n<div class=\"wp-block-cover alignfull\" style=\"min-height:454px;aspect-ratio:unset;\"><span aria-hidden=\"true\" class=\"wp-block-cover__background has-nv-light-bg-background-color has-background-dim-100 has-background-dim\"><\/span><div class=\"wp-block-cover__inner-container is-layout-flow wp-block-cover-is-layout-flow\">\n<div class=\"wp-block-group\"><div class=\"wp-block-group__inner-container is-layout-flow wp-block-group-is-layout-flow\">\n<div class=\"wp-block-columns is-layout-flex wp-container-core-columns-is-layout-9d6595d7 wp-block-columns-is-layout-flex\">\n<div class=\"wp-block-column is-vertically-aligned-top is-layout-flow wp-block-column-is-layout-flow\" style=\"flex-basis:33.34%\"><div class=\"wp-block-image\">\n<figure class=\"aligncenter size-large\"><a href=\"#popmake-533\"><img decoding=\"async\" src=\"https:\/\/www.kanoa-consulting.com\/wp-content\/uploads\/2023\/01\/Capture-decran-2023-01-15-213042.png\" alt=\"\"\/><\/a><\/figure>\n<\/div>\n\n\n<p class=\"has-text-align-center has-neve-text-color-color has-text-color has-small-font-size\">Programme de <strong>coaching <br>op\u00e9rationnel<\/strong><\/p>\n<\/div>\n\n\n\n<div class=\"wp-block-column is-vertically-aligned-center is-layout-flow wp-block-column-is-layout-flow\" style=\"flex-basis:33.34%\"><div class=\"wp-block-image\">\n<figure class=\"aligncenter size-large\"><a href=\"#popmake-547\"><img decoding=\"async\" src=\"https:\/\/www.kanoa-consulting.com\/wp-content\/uploads\/2023\/01\/Capture-decran-2023-01-15-213042.png\" alt=\"\"\/><\/a><\/figure>\n<\/div>\n\n\n<p class=\"has-text-align-center has-neve-text-color-color has-text-color has-small-font-size\"><strong>Cr\u00e9ation et animation d\u2019une <\/strong><br><strong>communaut\u00e9<\/strong>&nbsp;de collaborateurs<\/p>\n<\/div>\n\n\n\n<div class=\"wp-block-column is-layout-flow wp-block-column-is-layout-flow\" style=\"flex-basis:33.33%\"><div class=\"wp-block-image\">\n<figure class=\"aligncenter size-large\"><a href=\"#popmake-553\"><img decoding=\"async\" src=\"https:\/\/www.kanoa-consulting.com\/wp-content\/uploads\/2023\/01\/Capture-decran-2023-01-15-213042.png\" alt=\"\"\/><\/a><\/figure>\n<\/div>\n\n\n<p class=\"has-text-align-center has-neve-text-color-color has-text-color has-small-font-size\"><strong>Intelligence collective <\/strong><br>et \u00e9quipe projet<\/p>\n<\/div>\n<\/div>\n\n\n\n<div style=\"height:0px\" aria-hidden=\"true\" class=\"wp-block-spacer\"><\/div>\n\n\n\n<div style=\"height:0px\" aria-hidden=\"true\" class=\"wp-block-spacer\"><\/div>\n<\/div><\/div>\n<\/div><\/div>\n\n\n\n<h2 class=\"wp-block-heading\">Nos r\u00e9f\u00e9rences<\/h2>\n\n\n<div class=\"wp-block-image\">\n<figure class=\"aligncenter size-large\"><img decoding=\"async\" src=\"https:\/\/www.kanoa-consulting.com\/wp-content\/uploads\/2023\/01\/clients-kanoa-1024x395-1.png\" alt=\"\"\/><\/figure>\n<\/div>\n\n\n<h2 class=\"wp-block-heading\"><\/h2>\n","protected":false},"excerpt":{"rendered":"<p>Ce sont nos clients qui en parlent le mieux S\u00e9verine Prin, Directrice des risques \u00ab\u00a0J&rsquo;ai travaill\u00e9 en 2022 et 2023 avec Karine qui intervenait en tant que coach op\u00e9rationnel de chefs de projet dans mon entreprise. Je ne peux que chaudement recommander Karine : elle comprend tr\u00e8s vite les attentes des clients, sait comment y&hellip;&nbsp;<a href=\"https:\/\/www.kanoa-consulting.com\/index.php\/nos-cas-clients-2\/\" rel=\"bookmark\">Lire la suite &raquo;<span class=\"screen-reader-text\">Nos cas clients<\/span><\/a><\/p>\n","protected":false},"author":1,"featured_media":0,"parent":0,"menu_order":0,"comment_status":"closed","ping_status":"closed","template":"","meta":{"neve_meta_sidebar":"","neve_meta_container":"","neve_meta_enable_content_width":"on","neve_meta_content_width":100,"neve_meta_title_alignment":"","neve_meta_author_avatar":"","neve_post_elements_order":"","neve_meta_disable_header":"","neve_meta_disable_footer":"","neve_meta_disable_title":"on","footnotes":""},"class_list":["post-627","page","type-page","status-publish","hentry"],"_links":{"self":[{"href":"https:\/\/www.kanoa-consulting.com\/index.php\/wp-json\/wp\/v2\/pages\/627","targetHints":{"allow":["GET"]}}],"collection":[{"href":"https:\/\/www.kanoa-consulting.com\/index.php\/wp-json\/wp\/v2\/pages"}],"about":[{"href":"https:\/\/www.kanoa-consulting.com\/index.php\/wp-json\/wp\/v2\/types\/page"}],"author":[{"embeddable":true,"href":"https:\/\/www.kanoa-consulting.com\/index.php\/wp-json\/wp\/v2\/users\/1"}],"replies":[{"embeddable":true,"href":"https:\/\/www.kanoa-consulting.com\/index.php\/wp-json\/wp\/v2\/comments?post=627"}],"version-history":[{"count":32,"href":"https:\/\/www.kanoa-consulting.com\/index.php\/wp-json\/wp\/v2\/pages\/627\/revisions"}],"predecessor-version":[{"id":891,"href":"https:\/\/www.kanoa-consulting.com\/index.php\/wp-json\/wp\/v2\/pages\/627\/revisions\/891"}],"wp:attachment":[{"href":"https:\/\/www.kanoa-consulting.com\/index.php\/wp-json\/wp\/v2\/media?parent=627"}],"curies":[{"name":"wp","href":"https:\/\/api.w.org\/{rel}","templated":true}]}}