{"id":928,"date":"2024-02-18T22:34:20","date_gmt":"2024-02-18T21:34:20","guid":{"rendered":"https:\/\/www.kanoa-consulting.com\/?page_id=928"},"modified":"2024-02-18T22:34:21","modified_gmt":"2024-02-18T21:34:21","slug":"le-coaching-operationnel-by-kanoa","status":"publish","type":"page","link":"https:\/\/www.kanoa-consulting.com\/index.php\/le-coaching-operationnel-by-kanoa\/","title":{"rendered":"Le coaching op\u00e9rationnel by Kanoa"},"content":{"rendered":"\n<div style=\"height:50px\" aria-hidden=\"true\" class=\"wp-block-spacer\"><\/div>\n\n\n\n<h5 class=\"wp-block-heading\">Nous sommes sp\u00e9cialis\u00e9s en accompagnement d&rsquo;acteurs projets<\/h5>\n\n\n\n<p><strong>Kanoa est aujourd\u2019hui sp\u00e9cialis\u00e9e dans l\u2019accompagnement d\u2019acteurs projets<\/strong>, qu\u2019il s\u2019agisse de Chef de projet, CP MOA, CP MOE, \u00e9quipe m\u00e9tiers, d\u00e9veloppeurs, directeur de programme, manager ou tout autre contributeur projet.&nbsp;<\/p>\n\n\n\n<p>Nous proposons une <strong>approche diff\u00e9renciante avec le coaching op\u00e9rationnel <\/strong>qui mixe diff\u00e9rentes pratiques : conseil, formation, mentoring, coaching et part avant tout de <strong>la r\u00e9alit\u00e9 op\u00e9rationnelle du collaborateur comme base de travail et d\u2019observations<\/strong>. Le coach\u00e9 repart \u00e0 l\u2019issu de notre intervention avec une boite \u00e0 outils personnalis\u00e9e et pratique.<\/p>\n\n\n\n<p>Notre approche permet de constater <strong>des r\u00e9sultats visibles et durables dans votre organisation.<\/strong><\/p>\n\n\n\n<div style=\"height:50px\" aria-hidden=\"true\" class=\"wp-block-spacer\"><\/div>\n\n\n\n<h4 class=\"wp-block-heading has-medium-font-size\"><strong><strong>Notre proposition : une autre approche de l\u2019Accompagnement<\/strong><\/strong><\/h4>\n\n\n\n<p>Un <strong>accompagnement op\u00e9rationnel <\/strong>qui, par un <strong>renforcement des postures, <\/strong>concourt \u00e0 <strong>un meilleur alignement <\/strong>du collaborateur au sein de l\u2019organisation ainsi qu\u2019<strong>une performance accrue.<\/strong><\/p>\n\n\n\n<p>De par notre exp\u00e9rience, notre approche repose sur <strong>notre boite \u00e0 outils <\/strong>autour des <strong>5<\/strong> <strong>softs-comp\u00e9tences majeures<\/strong>. Qui plus est, nous syst\u00e9matisons un <strong>suivi post-coaching <\/strong>qui permet de <strong>p\u00e9renniser les acquis <\/strong>du coach\u00e9.<\/p>\n\n\n\n<p>Cet accompagnement permet de <strong>s\u00e9curiser<\/strong> les projets sur lesquels on intervient avec le coach\u00e9 et de <strong>cr\u00e9er les conditions de r\u00e9ussite <\/strong>des prochains. Comment ? <strong>En travaillant sur la mise en place durable d\u2019un \u00e9cosyst\u00e8me relationnel et fonctionnel op\u00e9rant<\/strong>.<\/p>\n\n\n\n<figure class=\"wp-block-gallery has-nested-images columns-default is-cropped wp-block-gallery-1 is-layout-flex wp-block-gallery-is-layout-flex\">\n<figure class=\"wp-block-image size-large\"><img loading=\"lazy\" decoding=\"async\" width=\"1024\" height=\"584\" data-id=\"932\" src=\"https:\/\/www.kanoa-consulting.com\/wp-content\/uploads\/2024\/02\/Carte-a-bulles-1024x584.png\" alt=\"\" class=\"wp-image-932\" srcset=\"https:\/\/www.kanoa-consulting.com\/wp-content\/uploads\/2024\/02\/Carte-a-bulles-1024x584.png 1024w, https:\/\/www.kanoa-consulting.com\/wp-content\/uploads\/2024\/02\/Carte-a-bulles-300x171.png 300w, https:\/\/www.kanoa-consulting.com\/wp-content\/uploads\/2024\/02\/Carte-a-bulles-768x438.png 768w, https:\/\/www.kanoa-consulting.com\/wp-content\/uploads\/2024\/02\/Carte-a-bulles.png 1262w\" sizes=\"auto, (max-width: 1024px) 100vw, 1024px\" \/><\/figure>\n<\/figure>\n\n\n\n<div style=\"height:50px\" aria-hidden=\"true\" class=\"wp-block-spacer\"><\/div>\n\n\n\n<h4 class=\"wp-block-heading has-neve-text-color-color has-text-color has-medium-font-size\">Nos crit\u00e8res d&rsquo;efficacit\u00e9 <\/h4>\n\n\n\n<p class=\"has-nv-dark-bg-color has-text-color has-link-color wp-elements-2fc47ab28bb074be95235ebbe1f93694\"><strong>> Poser un diagnostic clair<\/strong><\/p>\n\n\n\n<p>Identifier pr\u00e9cis\u00e9ment ce que nous devons <strong>d\u00e9nouer, d\u00e9terminer les crit\u00e8res de r\u00e9ussites pour<\/strong> <strong>mesurer le ROE \/ ROI<\/strong>. Nous travaillons notamment \u00e0 partir de <strong>notre<\/strong> <strong>carte \u00e0 bulles des postures<\/strong>.<\/p>\n\n\n\n<p class=\"has-nv-dark-bg-color has-text-color has-link-color wp-elements-ab8f915b63cdd8416cee61b0b5288811\">> <strong>Partir de l\u2019op\u00e9rationnel<\/strong><\/p>\n\n\n\n<p>D\u00e9clencher la <strong>prise de conscience <\/strong>par la <strong>r\u00e9alit\u00e9 op\u00e9rationnelle<\/strong>, du factuel non opposable,\u00a0 <strong>entrer dans le quotidien du collaborateur <\/strong>pour faire \u00e9voluer concr\u00e8tement et avec pragmatisme les pratiques<em>.<\/em><\/p>\n\n\n\n<p class=\"has-nv-dark-bg-color has-text-color has-link-color wp-elements-f87bcc33e15514f08c9e7dfae6bb160c\">> <strong>Avoir un impact durable et mesurable sur votre organisation<\/strong><\/p>\n\n\n\n<p>Apporter la th\u00e9orie par la pratique, des <strong>mises en action <\/strong>concr\u00e8tes et visibles qui permettent l\u2019adoption d\u2019une d\u00e9marche positive de \u00ab<strong>\u00a0test and learn\u00a0<\/strong>\u00bb et d\u2019un <strong>ancrage m\u00e9moriel <\/strong>durable.<\/p>\n\n\n\n<p>Le parcours du collaborateur fait l&rsquo;objet d&rsquo;un suivi pr\u00e9cis dans un plan de progr\u00e8s qui mesure son \u00e9volution et retrace les principales mises en actions op\u00e9r\u00e9es. <\/p>\n\n\n\n<div style=\"height:50px\" aria-hidden=\"true\" class=\"wp-block-spacer\"><\/div>\n\n\n\n<h4 class=\"wp-block-heading\">Les \u00e9tapes du parcours <\/h4>\n\n\n\n<figure class=\"wp-block-gallery has-nested-images columns-default is-cropped wp-block-gallery-2 is-layout-flex wp-block-gallery-is-layout-flex\">\n<figure class=\"wp-block-image size-large\"><img loading=\"lazy\" decoding=\"async\" width=\"1024\" height=\"558\" data-id=\"929\" src=\"https:\/\/www.kanoa-consulting.com\/wp-content\/uploads\/2024\/02\/schema-des-etapes-1024x558.png\" alt=\"\" class=\"wp-image-929\" srcset=\"https:\/\/www.kanoa-consulting.com\/wp-content\/uploads\/2024\/02\/schema-des-etapes-1024x558.png 1024w, https:\/\/www.kanoa-consulting.com\/wp-content\/uploads\/2024\/02\/schema-des-etapes-300x164.png 300w, https:\/\/www.kanoa-consulting.com\/wp-content\/uploads\/2024\/02\/schema-des-etapes-768x419.png 768w, https:\/\/www.kanoa-consulting.com\/wp-content\/uploads\/2024\/02\/schema-des-etapes.png 1280w\" sizes=\"auto, (max-width: 1024px) 100vw, 1024px\" \/><\/figure>\n<\/figure>\n\n\n\n<div style=\"height:50px\" aria-hidden=\"true\" class=\"wp-block-spacer\"><\/div>\n\n\n\n<h4 class=\"wp-block-heading\"><strong>R\u00e9sultats constat\u00e9s par les coach\u00e9s, lors de nos accompagnements<\/strong><\/h4>\n\n\n\n<ul class=\"wp-block-list\">\n<li>Une <strong>alliance forte <\/strong>avec le \u00ab\u00a0coach\u00a0\u00bb<\/li>\n\n\n\n<li>Une <strong>prise de conscience r\u00e9elle <\/strong>de leur potentiel<\/li>\n\n\n\n<li>Une <strong>appr\u00e9hension positive du droit \u00e0 l\u2019erreur <\/strong>(par le test and learn)<\/li>\n\n\n\n<li>Une <strong>bo\u00eete \u00e0 outils personnalis\u00e9e <\/strong>(tips, outils pratiques, inspirationnels)<\/li>\n\n\n\n<li>Un <strong>ancrage m\u00e9moriel r\u00e9el <\/strong>(appropriation des outils \u00e0 long terme)<\/li>\n\n\n\n<li>Une <strong>adoption de postures r\u00e9flexes<\/strong><\/li>\n\n\n\n<li>Des <strong>mises en action concr\u00e8tes et visibles <\/strong>par l\u2019organisation\/tous<\/li>\n<\/ul>\n\n\n\n<p>Et surtout cet accompagnement permet de <strong>s\u00e9curiser<\/strong> les projets sur lesquels on intervient avec le coach\u00e9 et de <strong>cr\u00e9er les conditions de r\u00e9ussite <\/strong>des prochains. Comment ? <strong>En travaillant sur la mise en place durable d\u2019un \u00e9cosyst\u00e8me relationnel et fonctionnel op\u00e9rant !<\/strong><\/p>\n\n\n\n<div style=\"height:50px\" aria-hidden=\"true\" class=\"wp-block-spacer\"><\/div>\n","protected":false},"excerpt":{"rendered":"<p>Nous sommes sp\u00e9cialis\u00e9s en accompagnement d&rsquo;acteurs projets Kanoa est aujourd\u2019hui sp\u00e9cialis\u00e9e dans l\u2019accompagnement d\u2019acteurs projets, qu\u2019il s\u2019agisse de Chef de projet, CP MOA, CP MOE, \u00e9quipe m\u00e9tiers, d\u00e9veloppeurs, directeur de programme, manager ou tout autre contributeur projet.&nbsp; Nous proposons une approche diff\u00e9renciante avec le coaching op\u00e9rationnel qui mixe diff\u00e9rentes pratiques : conseil, formation, mentoring, coaching&hellip;&nbsp;<a href=\"https:\/\/www.kanoa-consulting.com\/index.php\/le-coaching-operationnel-by-kanoa\/\" rel=\"bookmark\">Lire la suite &raquo;<span class=\"screen-reader-text\">Le coaching op\u00e9rationnel by Kanoa<\/span><\/a><\/p>\n","protected":false},"author":1,"featured_media":0,"parent":0,"menu_order":0,"comment_status":"closed","ping_status":"closed","template":"","meta":{"neve_meta_sidebar":"","neve_meta_container":"","neve_meta_enable_content_width":"","neve_meta_content_width":0,"neve_meta_title_alignment":"","neve_meta_author_avatar":"","neve_post_elements_order":"","neve_meta_disable_header":"","neve_meta_disable_footer":"","neve_meta_disable_title":"","footnotes":""},"class_list":["post-928","page","type-page","status-publish","hentry"],"_links":{"self":[{"href":"https:\/\/www.kanoa-consulting.com\/index.php\/wp-json\/wp\/v2\/pages\/928","targetHints":{"allow":["GET"]}}],"collection":[{"href":"https:\/\/www.kanoa-consulting.com\/index.php\/wp-json\/wp\/v2\/pages"}],"about":[{"href":"https:\/\/www.kanoa-consulting.com\/index.php\/wp-json\/wp\/v2\/types\/page"}],"author":[{"embeddable":true,"href":"https:\/\/www.kanoa-consulting.com\/index.php\/wp-json\/wp\/v2\/users\/1"}],"replies":[{"embeddable":true,"href":"https:\/\/www.kanoa-consulting.com\/index.php\/wp-json\/wp\/v2\/comments?post=928"}],"version-history":[{"count":5,"href":"https:\/\/www.kanoa-consulting.com\/index.php\/wp-json\/wp\/v2\/pages\/928\/revisions"}],"predecessor-version":[{"id":935,"href":"https:\/\/www.kanoa-consulting.com\/index.php\/wp-json\/wp\/v2\/pages\/928\/revisions\/935"}],"wp:attachment":[{"href":"https:\/\/www.kanoa-consulting.com\/index.php\/wp-json\/wp\/v2\/media?parent=928"}],"curies":[{"name":"wp","href":"https:\/\/api.w.org\/{rel}","templated":true}]}}